{"id":291,"date":"2023-12-12T11:35:42","date_gmt":"2023-12-12T11:35:42","guid":{"rendered":"https:\/\/ferticentro.wpengine.com\/?page_id=291"},"modified":"2026-02-04T10:00:10","modified_gmt":"2026-02-04T10:00:10","slug":"injection-intracytoplasmique-de-spermatozoides-icsi-avec-biopsie-testiculaire","status":"publish","type":"page","link":"https:\/\/www.procriar.pt\/fr\/traitements\/injection-intracytoplasmique-de-spermatozoides-icsi-avec-biopsie-testiculaire\/","title":{"rendered":"ICSI avec biopsie testiculaire"},"content":{"rendered":"<p>L&rsquo;injection intracytoplasmique de spermatozo\u00efdes (ICSI) avec biopsie testiculaire est un traitement de fertilit\u00e9 dans lequel des spermatozo\u00efdes extraits directement des testicules sont inject\u00e9s dans un ovule pour faciliter la f\u00e9condation.<\/p>\n","protected":false},"excerpt":{"rendered":"<p>L&rsquo;injection intracytoplasmique de spermatozo\u00efdes (ICSI) avec biopsie testiculaire est un traitement de fertilit\u00e9 dans lequel des spermatozo\u00efdes extraits directement des testicules sont inject\u00e9s dans un ovule pour faciliter la f\u00e9condation.<\/p>\n","protected":false},"author":3,"featured_media":1329,"parent":300,"menu_order":0,"comment_status":"closed","ping_status":"closed","template":"","meta":{"_acf_changed":false,"footnotes":""},"class_list":["post-291","page","type-page","status-publish","has-post-thumbnail","hentry"],"acf":[],"yoast_head":"<!-- This site is optimized with the Yoast SEO plugin v27.5 - https:\/\/yoast.com\/product\/yoast-seo-wordpress\/ -->\n<title>ICSI avec biopsie testiculaire - Procriar<\/title>\n<meta name=\"description\" content=\"Transformez l&#039;infertilit\u00e9 masculine avec ICSI et TESE\/TESA chez Procriar. Solutions avanc\u00e9es pour cas difficiles. D\u00e9couvrez plus.\" \/>\n<meta name=\"robots\" content=\"index, follow, max-snippet:-1, max-image-preview:large, max-video-preview:-1\" \/>\n<link rel=\"canonical\" href=\"https:\/\/www.procriar.pt\/fr\/traitements\/injection-intracytoplasmique-de-spermatozoides-icsi-avec-biopsie-testiculaire\/\" \/>\n<meta property=\"og:locale\" content=\"fr_FR\" \/>\n<meta property=\"og:type\" content=\"article\" \/>\n<meta property=\"og:title\" content=\"ICSI avec biopsie testiculaire - Procriar\" \/>\n<meta property=\"og:description\" content=\"Transformez l&#039;infertilit\u00e9 masculine avec ICSI et TESE\/TESA chez Procriar. Solutions avanc\u00e9es pour cas difficiles. D\u00e9couvrez plus.\" \/>\n<meta property=\"og:url\" content=\"https:\/\/www.procriar.pt\/fr\/traitements\/injection-intracytoplasmique-de-spermatozoides-icsi-avec-biopsie-testiculaire\/\" \/>\n<meta property=\"og:site_name\" content=\"Procriar FR\" \/>\n<meta property=\"article:modified_time\" content=\"2026-02-04T10:00:10+00:00\" \/>\n<meta property=\"og:image\" content=\"https:\/\/www.procriar.pt\/fr\/wp-content\/uploads\/sites\/3\/2024\/05\/ICSI-iStock-1148588469.jpg\" \/>\n\t<meta property=\"og:image:width\" content=\"1200\" \/>\n\t<meta property=\"og:image:height\" content=\"865\" \/>\n\t<meta property=\"og:image:type\" content=\"image\/jpeg\" \/>\n<meta name=\"twitter:card\" content=\"summary_large_image\" \/>\n<meta name=\"twitter:label1\" content=\"Est. reading time\" \/>\n\t<meta name=\"twitter:data1\" content=\"1 minute\" \/>\n<script type=\"application\/ld+json\" class=\"yoast-schema-graph\">{\"@context\":\"https:\\\/\\\/schema.org\",\"@graph\":[{\"@type\":\"WebPage\",\"@id\":\"https:\\\/\\\/www.procriar.pt\\\/fr\\\/traitements\\\/injection-intracytoplasmique-de-spermatozoides-icsi-avec-biopsie-testiculaire\\\/\",\"url\":\"https:\\\/\\\/www.procriar.pt\\\/fr\\\/traitements\\\/injection-intracytoplasmique-de-spermatozoides-icsi-avec-biopsie-testiculaire\\\/\",\"name\":\"ICSI avec biopsie testiculaire - Procriar\",\"isPartOf\":{\"@id\":\"https:\\\/\\\/www.procriar.pt\\\/fr\\\/#website\"},\"primaryImageOfPage\":{\"@id\":\"https:\\\/\\\/www.procriar.pt\\\/fr\\\/traitements\\\/injection-intracytoplasmique-de-spermatozoides-icsi-avec-biopsie-testiculaire\\\/#primaryimage\"},\"image\":{\"@id\":\"https:\\\/\\\/www.procriar.pt\\\/fr\\\/traitements\\\/injection-intracytoplasmique-de-spermatozoides-icsi-avec-biopsie-testiculaire\\\/#primaryimage\"},\"thumbnailUrl\":\"https:\\\/\\\/www.procriar.pt\\\/fr\\\/wp-content\\\/uploads\\\/sites\\\/3\\\/2024\\\/05\\\/ICSI-iStock-1148588469.jpg\",\"datePublished\":\"2023-12-12T11:35:42+00:00\",\"dateModified\":\"2026-02-04T10:00:10+00:00\",\"description\":\"Transformez l'infertilit\u00e9 masculine avec ICSI et TESE\\\/TESA chez Procriar. Solutions avanc\u00e9es pour cas difficiles. D\u00e9couvrez plus.\",\"breadcrumb\":{\"@id\":\"https:\\\/\\\/www.procriar.pt\\\/fr\\\/traitements\\\/injection-intracytoplasmique-de-spermatozoides-icsi-avec-biopsie-testiculaire\\\/#breadcrumb\"},\"inLanguage\":\"fr-FR\",\"potentialAction\":[{\"@type\":\"ReadAction\",\"target\":[\"https:\\\/\\\/www.procriar.pt\\\/fr\\\/traitements\\\/injection-intracytoplasmique-de-spermatozoides-icsi-avec-biopsie-testiculaire\\\/\"]}]},{\"@type\":\"ImageObject\",\"inLanguage\":\"fr-FR\",\"@id\":\"https:\\\/\\\/www.procriar.pt\\\/fr\\\/traitements\\\/injection-intracytoplasmique-de-spermatozoides-icsi-avec-biopsie-testiculaire\\\/#primaryimage\",\"url\":\"https:\\\/\\\/www.procriar.pt\\\/fr\\\/wp-content\\\/uploads\\\/sites\\\/3\\\/2024\\\/05\\\/ICSI-iStock-1148588469.jpg\",\"contentUrl\":\"https:\\\/\\\/www.procriar.pt\\\/fr\\\/wp-content\\\/uploads\\\/sites\\\/3\\\/2024\\\/05\\\/ICSI-iStock-1148588469.jpg\",\"width\":1200,\"height\":865},{\"@type\":\"BreadcrumbList\",\"@id\":\"https:\\\/\\\/www.procriar.pt\\\/fr\\\/traitements\\\/injection-intracytoplasmique-de-spermatozoides-icsi-avec-biopsie-testiculaire\\\/#breadcrumb\",\"itemListElement\":[{\"@type\":\"ListItem\",\"position\":1,\"name\":\"Home\",\"item\":\"https:\\\/\\\/www.procriar.pt\\\/fr\\\/\"},{\"@type\":\"ListItem\",\"position\":2,\"name\":\"D\u00e9couvrez nos traitements\",\"item\":\"https:\\\/\\\/www.procriar.pt\\\/fr\\\/traitements\\\/\"},{\"@type\":\"ListItem\",\"position\":3,\"name\":\"ICSI avec biopsie testiculaire\"}]},{\"@type\":\"WebSite\",\"@id\":\"https:\\\/\\\/www.procriar.pt\\\/fr\\\/#website\",\"url\":\"https:\\\/\\\/www.procriar.pt\\\/fr\\\/\",\"name\":\"Procriar FR\",\"description\":\"\",\"inLanguage\":\"fr-FR\"}]}<\/script>\n<!-- \/ Yoast SEO plugin. -->","yoast_head_json":{"title":"ICSI avec biopsie testiculaire - Procriar","description":"Transformez l'infertilit\u00e9 masculine avec ICSI et TESE\/TESA chez Procriar. Solutions avanc\u00e9es pour cas difficiles. D\u00e9couvrez plus.","robots":{"index":"index","follow":"follow","max-snippet":"max-snippet:-1","max-image-preview":"max-image-preview:large","max-video-preview":"max-video-preview:-1"},"canonical":"https:\/\/www.procriar.pt\/fr\/traitements\/injection-intracytoplasmique-de-spermatozoides-icsi-avec-biopsie-testiculaire\/","og_locale":"fr_FR","og_type":"article","og_title":"ICSI avec biopsie testiculaire - Procriar","og_description":"Transformez l'infertilit\u00e9 masculine avec ICSI et TESE\/TESA chez Procriar. Solutions avanc\u00e9es pour cas difficiles. D\u00e9couvrez plus.","og_url":"https:\/\/www.procriar.pt\/fr\/traitements\/injection-intracytoplasmique-de-spermatozoides-icsi-avec-biopsie-testiculaire\/","og_site_name":"Procriar FR","article_modified_time":"2026-02-04T10:00:10+00:00","og_image":[{"width":1200,"height":865,"url":"https:\/\/www.procriar.pt\/fr\/wp-content\/uploads\/sites\/3\/2024\/05\/ICSI-iStock-1148588469.jpg","type":"image\/jpeg"}],"twitter_card":"summary_large_image","twitter_misc":{"Est. reading time":"1 minute"},"schema":{"@context":"https:\/\/schema.org","@graph":[{"@type":"WebPage","@id":"https:\/\/www.procriar.pt\/fr\/traitements\/injection-intracytoplasmique-de-spermatozoides-icsi-avec-biopsie-testiculaire\/","url":"https:\/\/www.procriar.pt\/fr\/traitements\/injection-intracytoplasmique-de-spermatozoides-icsi-avec-biopsie-testiculaire\/","name":"ICSI avec biopsie testiculaire - Procriar","isPartOf":{"@id":"https:\/\/www.procriar.pt\/fr\/#website"},"primaryImageOfPage":{"@id":"https:\/\/www.procriar.pt\/fr\/traitements\/injection-intracytoplasmique-de-spermatozoides-icsi-avec-biopsie-testiculaire\/#primaryimage"},"image":{"@id":"https:\/\/www.procriar.pt\/fr\/traitements\/injection-intracytoplasmique-de-spermatozoides-icsi-avec-biopsie-testiculaire\/#primaryimage"},"thumbnailUrl":"https:\/\/www.procriar.pt\/fr\/wp-content\/uploads\/sites\/3\/2024\/05\/ICSI-iStock-1148588469.jpg","datePublished":"2023-12-12T11:35:42+00:00","dateModified":"2026-02-04T10:00:10+00:00","description":"Transformez l'infertilit\u00e9 masculine avec ICSI et TESE\/TESA chez Procriar. Solutions avanc\u00e9es pour cas difficiles. D\u00e9couvrez plus.","breadcrumb":{"@id":"https:\/\/www.procriar.pt\/fr\/traitements\/injection-intracytoplasmique-de-spermatozoides-icsi-avec-biopsie-testiculaire\/#breadcrumb"},"inLanguage":"fr-FR","potentialAction":[{"@type":"ReadAction","target":["https:\/\/www.procriar.pt\/fr\/traitements\/injection-intracytoplasmique-de-spermatozoides-icsi-avec-biopsie-testiculaire\/"]}]},{"@type":"ImageObject","inLanguage":"fr-FR","@id":"https:\/\/www.procriar.pt\/fr\/traitements\/injection-intracytoplasmique-de-spermatozoides-icsi-avec-biopsie-testiculaire\/#primaryimage","url":"https:\/\/www.procriar.pt\/fr\/wp-content\/uploads\/sites\/3\/2024\/05\/ICSI-iStock-1148588469.jpg","contentUrl":"https:\/\/www.procriar.pt\/fr\/wp-content\/uploads\/sites\/3\/2024\/05\/ICSI-iStock-1148588469.jpg","width":1200,"height":865},{"@type":"BreadcrumbList","@id":"https:\/\/www.procriar.pt\/fr\/traitements\/injection-intracytoplasmique-de-spermatozoides-icsi-avec-biopsie-testiculaire\/#breadcrumb","itemListElement":[{"@type":"ListItem","position":1,"name":"Home","item":"https:\/\/www.procriar.pt\/fr\/"},{"@type":"ListItem","position":2,"name":"D\u00e9couvrez nos traitements","item":"https:\/\/www.procriar.pt\/fr\/traitements\/"},{"@type":"ListItem","position":3,"name":"ICSI avec biopsie testiculaire"}]},{"@type":"WebSite","@id":"https:\/\/www.procriar.pt\/fr\/#website","url":"https:\/\/www.procriar.pt\/fr\/","name":"Procriar FR","description":"","inLanguage":"fr-FR"}]}},"_links":{"self":[{"href":"https:\/\/www.procriar.pt\/fr\/wp-json\/wp\/v2\/pages\/291","targetHints":{"allow":["GET"]}}],"collection":[{"href":"https:\/\/www.procriar.pt\/fr\/wp-json\/wp\/v2\/pages"}],"about":[{"href":"https:\/\/www.procriar.pt\/fr\/wp-json\/wp\/v2\/types\/page"}],"author":[{"embeddable":true,"href":"https:\/\/www.procriar.pt\/fr\/wp-json\/wp\/v2\/users\/3"}],"replies":[{"embeddable":true,"href":"https:\/\/www.procriar.pt\/fr\/wp-json\/wp\/v2\/comments?post=291"}],"version-history":[{"count":0,"href":"https:\/\/www.procriar.pt\/fr\/wp-json\/wp\/v2\/pages\/291\/revisions"}],"up":[{"embeddable":true,"href":"https:\/\/www.procriar.pt\/fr\/wp-json\/wp\/v2\/pages\/300"}],"wp:featuredmedia":[{"embeddable":true,"href":"https:\/\/www.procriar.pt\/fr\/wp-json\/wp\/v2\/media\/1329"}],"wp:attachment":[{"href":"https:\/\/www.procriar.pt\/fr\/wp-json\/wp\/v2\/media?parent=291"}],"curies":[{"name":"wp","href":"https:\/\/api.w.org\/{rel}","templated":true}]}}