{"id":329,"date":"2024-01-04T13:16:10","date_gmt":"2024-01-04T13:16:10","guid":{"rendered":"https:\/\/ferticentro.wpengine.com\/?page_id=329"},"modified":"2026-04-09T16:21:10","modified_gmt":"2026-04-09T16:21:10","slug":"meet-our-team","status":"publish","type":"page","link":"https:\/\/www.procriar.pt\/en\/our-clinic\/meet-our-team\/","title":{"rendered":"Meet our team"},"content":{"rendered":"","protected":false},"excerpt":{"rendered":"","protected":false},"author":3,"featured_media":0,"parent":324,"menu_order":0,"comment_status":"closed","ping_status":"closed","template":"","meta":{"_acf_changed":false,"footnotes":""},"class_list":["post-329","page","type-page","status-publish","hentry"],"acf":[],"yoast_head":"<!-- This site is optimized with the Yoast SEO plugin v27.3 - https:\/\/yoast.com\/product\/yoast-seo-wordpress\/ -->\n<title>Meet our team - Procriar<\/title>\n<meta name=\"description\" content=\"A Ferticentro disp\u00f5e de uma equipa cl\u00ednica com mais de 20 anos de experi\u00eancia, oferecendo ainda apoio emocional, uma equipa de embriologia altamente diferenciada e um grupo de gestores de pacientes que comunica em 7 idiomas diferentes.\" \/>\n<meta name=\"robots\" content=\"index, follow, max-snippet:-1, max-image-preview:large, max-video-preview:-1\" \/>\n<link rel=\"canonical\" href=\"https:\/\/www.procriar.pt\/en\/our-clinic\/meet-our-team\/\" \/>\n<meta property=\"og:locale\" content=\"en_US\" \/>\n<meta property=\"og:type\" content=\"article\" \/>\n<meta property=\"og:title\" content=\"Meet our team - Procriar\" \/>\n<meta property=\"og:description\" content=\"A Ferticentro disp\u00f5e de uma equipa cl\u00ednica com mais de 20 anos de experi\u00eancia, oferecendo ainda apoio emocional, uma equipa de embriologia altamente diferenciada e um grupo de gestores de pacientes que comunica em 7 idiomas diferentes.\" \/>\n<meta property=\"og:url\" content=\"https:\/\/www.procriar.pt\/en\/our-clinic\/meet-our-team\/\" \/>\n<meta property=\"og:site_name\" content=\"Procriar EN\" \/>\n<meta property=\"article:modified_time\" content=\"2026-04-09T16:21:10+00:00\" \/>\n<meta name=\"twitter:card\" content=\"summary_large_image\" \/>\n<script type=\"application\/ld+json\" class=\"yoast-schema-graph\">{\"@context\":\"https:\\\/\\\/schema.org\",\"@graph\":[{\"@type\":\"WebPage\",\"@id\":\"https:\\\/\\\/www.procriar.pt\\\/en\\\/our-clinic\\\/meet-our-team\\\/\",\"url\":\"https:\\\/\\\/www.procriar.pt\\\/en\\\/our-clinic\\\/meet-our-team\\\/\",\"name\":\"Meet our team - Procriar\",\"isPartOf\":{\"@id\":\"https:\\\/\\\/www.procriar.pt\\\/en\\\/#website\"},\"datePublished\":\"2024-01-04T13:16:10+00:00\",\"dateModified\":\"2026-04-09T16:21:10+00:00\",\"description\":\"A Ferticentro disp\u00f5e de uma equipa cl\u00ednica com mais de 20 anos de experi\u00eancia, oferecendo ainda apoio emocional, uma equipa de embriologia altamente diferenciada e um grupo de gestores de pacientes que comunica em 7 idiomas diferentes.\",\"breadcrumb\":{\"@id\":\"https:\\\/\\\/www.procriar.pt\\\/en\\\/our-clinic\\\/meet-our-team\\\/#breadcrumb\"},\"inLanguage\":\"en-US\",\"potentialAction\":[{\"@type\":\"ReadAction\",\"target\":[\"https:\\\/\\\/www.procriar.pt\\\/en\\\/our-clinic\\\/meet-our-team\\\/\"]}]},{\"@type\":\"BreadcrumbList\",\"@id\":\"https:\\\/\\\/www.procriar.pt\\\/en\\\/our-clinic\\\/meet-our-team\\\/#breadcrumb\",\"itemListElement\":[{\"@type\":\"ListItem\",\"position\":1,\"name\":\"Home\",\"item\":\"https:\\\/\\\/www.procriar.pt\\\/en\\\/\"},{\"@type\":\"ListItem\",\"position\":2,\"name\":\"The Clinic\",\"item\":\"https:\\\/\\\/www.procriar.pt\\\/en\\\/our-clinic\\\/\"},{\"@type\":\"ListItem\",\"position\":3,\"name\":\"Meet our team\"}]},{\"@type\":\"WebSite\",\"@id\":\"https:\\\/\\\/www.procriar.pt\\\/en\\\/#website\",\"url\":\"https:\\\/\\\/www.procriar.pt\\\/en\\\/\",\"name\":\"Procriar EN\",\"description\":\"\",\"inLanguage\":\"en-US\"}]}<\/script>\n<!-- \/ Yoast SEO plugin. -->","yoast_head_json":{"title":"Meet our team - Procriar","description":"A Ferticentro disp\u00f5e de uma equipa cl\u00ednica com mais de 20 anos de experi\u00eancia, oferecendo ainda apoio emocional, uma equipa de embriologia altamente diferenciada e um grupo de gestores de pacientes que comunica em 7 idiomas diferentes.","robots":{"index":"index","follow":"follow","max-snippet":"max-snippet:-1","max-image-preview":"max-image-preview:large","max-video-preview":"max-video-preview:-1"},"canonical":"https:\/\/www.procriar.pt\/en\/our-clinic\/meet-our-team\/","og_locale":"en_US","og_type":"article","og_title":"Meet our team - Procriar","og_description":"A Ferticentro disp\u00f5e de uma equipa cl\u00ednica com mais de 20 anos de experi\u00eancia, oferecendo ainda apoio emocional, uma equipa de embriologia altamente diferenciada e um grupo de gestores de pacientes que comunica em 7 idiomas diferentes.","og_url":"https:\/\/www.procriar.pt\/en\/our-clinic\/meet-our-team\/","og_site_name":"Procriar EN","article_modified_time":"2026-04-09T16:21:10+00:00","twitter_card":"summary_large_image","schema":{"@context":"https:\/\/schema.org","@graph":[{"@type":"WebPage","@id":"https:\/\/www.procriar.pt\/en\/our-clinic\/meet-our-team\/","url":"https:\/\/www.procriar.pt\/en\/our-clinic\/meet-our-team\/","name":"Meet our team - Procriar","isPartOf":{"@id":"https:\/\/www.procriar.pt\/en\/#website"},"datePublished":"2024-01-04T13:16:10+00:00","dateModified":"2026-04-09T16:21:10+00:00","description":"A Ferticentro disp\u00f5e de uma equipa cl\u00ednica com mais de 20 anos de experi\u00eancia, oferecendo ainda apoio emocional, uma equipa de embriologia altamente diferenciada e um grupo de gestores de pacientes que comunica em 7 idiomas diferentes.","breadcrumb":{"@id":"https:\/\/www.procriar.pt\/en\/our-clinic\/meet-our-team\/#breadcrumb"},"inLanguage":"en-US","potentialAction":[{"@type":"ReadAction","target":["https:\/\/www.procriar.pt\/en\/our-clinic\/meet-our-team\/"]}]},{"@type":"BreadcrumbList","@id":"https:\/\/www.procriar.pt\/en\/our-clinic\/meet-our-team\/#breadcrumb","itemListElement":[{"@type":"ListItem","position":1,"name":"Home","item":"https:\/\/www.procriar.pt\/en\/"},{"@type":"ListItem","position":2,"name":"The Clinic","item":"https:\/\/www.procriar.pt\/en\/our-clinic\/"},{"@type":"ListItem","position":3,"name":"Meet our team"}]},{"@type":"WebSite","@id":"https:\/\/www.procriar.pt\/en\/#website","url":"https:\/\/www.procriar.pt\/en\/","name":"Procriar EN","description":"","inLanguage":"en-US"}]}},"_links":{"self":[{"href":"https:\/\/www.procriar.pt\/en\/wp-json\/wp\/v2\/pages\/329","targetHints":{"allow":["GET"]}}],"collection":[{"href":"https:\/\/www.procriar.pt\/en\/wp-json\/wp\/v2\/pages"}],"about":[{"href":"https:\/\/www.procriar.pt\/en\/wp-json\/wp\/v2\/types\/page"}],"author":[{"embeddable":true,"href":"https:\/\/www.procriar.pt\/en\/wp-json\/wp\/v2\/users\/3"}],"replies":[{"embeddable":true,"href":"https:\/\/www.procriar.pt\/en\/wp-json\/wp\/v2\/comments?post=329"}],"version-history":[{"count":0,"href":"https:\/\/www.procriar.pt\/en\/wp-json\/wp\/v2\/pages\/329\/revisions"}],"up":[{"embeddable":true,"href":"https:\/\/www.procriar.pt\/en\/wp-json\/wp\/v2\/pages\/324"}],"wp:attachment":[{"href":"https:\/\/www.procriar.pt\/en\/wp-json\/wp\/v2\/media?parent=329"}],"curies":[{"name":"wp","href":"https:\/\/api.w.org\/{rel}","templated":true}]}}